{"id":6,"date":"2020-01-06T14:38:19","date_gmt":"2020-01-06T14:38:19","guid":{"rendered":"https:\/\/dancewithjoy-jm.com\/?page_id=6"},"modified":"2026-02-08T15:44:21","modified_gmt":"2026-02-08T15:44:21","slug":"home","status":"publish","type":"page","link":"https:\/\/www.dancewithjoy-jm.com\/","title":{"rendered":"Home"},"content":{"rendered":"<div class=\"col-md-5\">\n<h1 style=\"text-align: center;\">Dance with Joy<\/h1>\n<p style=\"text-align: center;\">Janina Maresch<\/p>\n<p style=\"text-align: center;\">Ist ein gemeinn\u00fctziger Verein. Hier erlernen Kinder unter p\u00e4dagogischer Leitung die Freude am Tanzen. Kleine Auftritte f\u00f6rdern die Motivation und den Ehrgeiz der Kinder. Tanzen ist der ideale Ausgleich zum stundenlangen Sitzen in der Schule. Zus\u00e4tzlich zu internationalen Tanzschritten und modernen Choreographien erlernen die Kinder auch Musikalit\u00e4t und B\u00fchnenpr\u00e4senz.<\/p>\n<p style=\"text-align: center;\">Hier gehts zum:<\/p>\n<p style=\"text-align: center;\"><a href=\"https:\/\/dancewithjoy-jm.com\/wp-content\/uploads\/2026\/02\/Stundenplan_SS202526-2.pdf\">Stundenplan_SS202526<\/a><\/p>\n<p style=\"text-align: center;\"><\/p>\n<\/div>\n\n\n<p><\/p>\n","protected":false},"excerpt":{"rendered":"<p>Dance with Joy Janina Maresch Ist ein gemeinn\u00fctziger Verein. Hier erlernen Kinder unter p\u00e4dagogischer Leitung die Freude am Tanzen. Kleine Auftritte f\u00f6rdern die Motivation und den Ehrgeiz der Kinder. Tanzen ist der ideale Ausgleich zum stundenlangen Sitzen in der Schule. Zus\u00e4tzlich zu internationalen Tanzschritten und modernen Choreographien erlernen die Kinder [&hellip;]<\/p>\n","protected":false},"author":1,"featured_media":428,"parent":0,"menu_order":0,"comment_status":"closed","ping_status":"closed","template":"","meta":[],"_links":{"self":[{"href":"https:\/\/www.dancewithjoy-jm.com\/index.php\/wp-json\/wp\/v2\/pages\/6"}],"collection":[{"href":"https:\/\/www.dancewithjoy-jm.com\/index.php\/wp-json\/wp\/v2\/pages"}],"about":[{"href":"https:\/\/www.dancewithjoy-jm.com\/index.php\/wp-json\/wp\/v2\/types\/page"}],"author":[{"embeddable":true,"href":"https:\/\/www.dancewithjoy-jm.com\/index.php\/wp-json\/wp\/v2\/users\/1"}],"replies":[{"embeddable":true,"href":"https:\/\/www.dancewithjoy-jm.com\/index.php\/wp-json\/wp\/v2\/comments?post=6"}],"version-history":[{"count":29,"href":"https:\/\/www.dancewithjoy-jm.com\/index.php\/wp-json\/wp\/v2\/pages\/6\/revisions"}],"predecessor-version":[{"id":617,"href":"https:\/\/www.dancewithjoy-jm.com\/index.php\/wp-json\/wp\/v2\/pages\/6\/revisions\/617"}],"wp:featuredmedia":[{"embeddable":true,"href":"https:\/\/www.dancewithjoy-jm.com\/index.php\/wp-json\/wp\/v2\/media\/428"}],"wp:attachment":[{"href":"https:\/\/www.dancewithjoy-jm.com\/index.php\/wp-json\/wp\/v2\/media?parent=6"}],"curies":[{"name":"wp","href":"https:\/\/api.w.org\/{rel}","templated":true}]}}