{"id":535,"date":"2025-02-23T15:31:43","date_gmt":"2025-02-23T15:31:43","guid":{"rendered":"https:\/\/dancewithjoy-jm.com\/?page_id=535"},"modified":"2025-02-23T17:44:10","modified_gmt":"2025-02-23T17:44:10","slug":"impressum","status":"publish","type":"page","link":"https:\/\/www.dancewithjoy-jm.com\/index.php\/impressum\/","title":{"rendered":"Impressum"},"content":{"rendered":"\n<p>Informationen \u00fcber den Diensteanbieter.<\/p>\n\n\n\n<p><strong>Vereinsname:<\/strong> Dance with Joy<br><strong>ZVR-Zahl:<\/strong> 1992694200<br><strong>Vereinssitz: <\/strong>3511 Furth bei G\u00f6ttweig<br><strong>Obmann\/Obfrau:<\/strong><br>Janina Balan-Maresch<br>Gartenstra\u00dfe 629\/3<br>3511 Furth bei G\u00f6ttweig<br>E-Mail: <a href=\"mailto:mareschjan@gmail.com\">mareschjan@gmail.com<\/a><br>Telefon: 0680\/1340540<br><strong>Obmann\/Obfrau Stellvertreter:<br><\/strong>Brigitte Maresch-Hartmann<br>Abt Bessel-Stra\u00dfe 584\/3<br>3511 Furth bei G\u00f6ttweig<\/p>\n\n\n\n<p>Gartenstra\u00dfe 629\/3,<br>3511 Furth bei G\u00f6ttweig,<br>\u00d6sterreich<\/p>\n\n\n\n<p><strong>Tel.: <\/strong>06801340540<br><strong>E-Mail:<\/strong> <a href=\"mailto:mareschjan@gmail.com\">mareschjan@gmail.com<\/a><\/p>\n\n\n\n<p><strong>Vereinszweck<\/strong><br>Der Verein bezweckt die F\u00f6rderung von Sport, Kunst und Kultur vor allem im t\u00e4nzerischen Bereich.<\/p>\n\n\n\n<p><strong>Datenschutz Verantwortlicher<br><\/strong>Janina Balan-Maresch<br>Gartenstra\u00dfe 629\/3<br>3511 Furth bei G\u00f6ttweig<br><strong>E-Mail:<\/strong> <a href=\"mailto:mareschjan@gmail.com\">mareschjan@gmail.com<\/a><br><strong>Tel.:<\/strong> 06801340540<br><strong>Vertretungsberechtigter:<\/strong> Janina Balan-Maresch<\/p>\n\n\n\n<h2>EU-Streitschlichtung<\/h2>\n\n\n\n<p>Gem\u00e4\u00df Verordnung \u00fcber Online-Streitbeilegung in Verbraucherangelegenheiten (ODR-Verordnung) m\u00f6chten wir Sie \u00fcber die Online-Streitbeilegungsplattform (OS-Plattform) informieren.<br>Verbraucher haben die M\u00f6glichkeit, Beschwerden an die Online Streitbeilegungsplattform der Europ\u00e4ischen Kommission unter <a href=\"https:\/\/ec.europa.eu\/consumers\/odr\/main\/index.cfm?event=main.home2.show&amp;lng=DE\">https:\/\/ec.europa.eu\/consumers\/odr\/main\/index.cfm?event=main.home2.show&amp;lng=DE<\/a> zu richten. Die daf\u00fcr notwendigen Kontaktdaten finden Sie oberhalb in unserem Impressum.<\/p>\n\n\n\n<p>Wir m\u00f6chten Sie jedoch darauf hinweisen, dass wir nicht bereit oder verpflichtet sind, an Streitbeilegungsverfahren vor einer Verbraucherschlichtungsstelle teilzunehmen.<\/p>\n\n\n\n<h2 id=\"haftung-fuer-inhalte-dieser-webseite\">Haftung f\u00fcr Inhalte dieser Website<\/h2>\n\n\n\n<p>Wir entwickeln die Inhalte dieser Webseite st\u00e4ndig weiter und bem\u00fchen uns korrekte und aktuelle Informationen bereitzustellen. Leider k\u00f6nnen wir keine Haftung f\u00fcr die Korrektheit aller Inhalte auf dieser Website \u00fcbernehmen, speziell f\u00fcr jene, die seitens Dritter bereitgestellt wurden. Als Diensteanbieter sind wir nicht verpflichtet, die von ihnen \u00fcbermittelten oder gespeicherten Informationen zu \u00fcberwachen oder nach Umst\u00e4nden zu forschen, die auf eine rechtswidrige T\u00e4tigkeit hinweisen.<\/p>\n\n\n\n<p>Unsere Verpflichtungen zur Entfernung von Informationen oder zur Sperrung der Nutzung von Informationen nach den allgemeinen Gesetzen aufgrund von gerichtlichen oder beh\u00f6rdlichen Anordnungen bleiben auch im Falle unserer Nichtverantwortlichkeit davon unber\u00fchrt.<\/p>\n\n\n\n<p>Sollten Ihnen problematische oder rechtswidrige Inhalte auffallen, bitte wir Sie uns umgehend zu kontaktieren, damit wir die rechtswidrigen Inhalte entfernen k\u00f6nnen. Sie finden die Kontaktdaten im Impressum.<\/p>\n\n\n\n<h2 id=\"haftung-links-webseite\">Haftung f\u00fcr Links auf dieser Webseite<\/h2>\n\n\n\n<p>Unsere Webseite enth\u00e4lt Links zu anderen Webseiten f\u00fcr deren Inhalt wir nicht verantwortlich sind. Haftung f\u00fcr verlinkte Websites besteht f\u00fcr uns nicht, da wir keine Kenntnis rechtswidriger T\u00e4tigkeiten hatten und haben, uns solche Rechtswidrigkeiten auch bisher nicht aufgefallen sind und wir Links sofort entfernen w\u00fcrden, wenn uns Rechtswidrigkeiten bekannt werden.<\/p>\n\n\n\n<p>Wenn Ihnen rechtswidrige Links auf unserer Website auffallen, bitte wir Sie uns zu kontaktieren. Sie finden die Kontaktdaten im Impressum.<\/p>\n\n\n\n<h2 id=\"urheberrechtshinweis\">Urheberrechtshinweis<\/h2>\n\n\n\n<p>Alle Inhalte dieser Webseite (Bilder, Fotos, Texte, Videos) unterliegen dem Urheberrecht. Bitte fragen Sie uns bevor Sie die Inhalte dieser Website verbreiten, vervielf\u00e4ltigen oder verwerten wie zum Beispiel auf anderen Websites erneut ver\u00f6ffentlichen. Falls notwendig, werden wir die unerlaubte Nutzung von Teilen der Inhalte unserer Seite rechtlich verfolgen.<\/p>\n\n\n\n<p>Sollten Sie auf dieser Webseite Inhalte finden, die das Urheberrecht verletzen, bitten wir Sie uns zu kontaktieren.<\/p>\n\n\n\n<h2>Bildernachweis<\/h2>\n\n\n\n<p>Die Bilder, Fotos und Grafiken auf dieser Webseite sind urheberrechtlich gesch\u00fctzt.<\/p>\n\n\n\n<p><strong>Die Bilderrechte liegen bei:<br><\/strong>Janina Balan-Maresch<\/p>\n\n\n\n<h2>Weitere Onlineauftritte<\/h2>\n\n\n\n<p><strong>Dieses Impressum gilt auch f\u00fcr<br><\/strong><a href=\"https:\/\/www.facebook.com\/p\/Dance-with-Joy-Janina-Maresch-100034949499946\/\n\">https:\/\/www.facebook.com\/p\/Dance-with-Joy-Janina-Maresch-100034949499946\/<br><\/a><a href=\"https:\/\/instagram.com\/_dancewithjoy_\">https:\/\/instagram.com\/_dancewithjoy_<\/a><\/p>\n\n\n\n<p>Alle Texte sind urheberrechtlich gesch\u00fctzt.<\/p>\n\n\n\n<p>Quelle: Erstellt mit dem <a rel=\"noreferrer noopener\" href=\"https:\/\/www.adsimple.at\/impressum-generator\/\" target=\"_blank\">Impressum Generator<\/a> von AdSimple<\/p>\n","protected":false},"excerpt":{"rendered":"<p>Informationen \u00fcber den Diensteanbieter. Vereinsname: Dance with JoyZVR-Zahl: 1992694200Vereinssitz: 3511 Furth bei G\u00f6ttweigObmann\/Obfrau:Janina Balan-MareschGartenstra\u00dfe 629\/33511 Furth bei G\u00f6ttweigE-Mail: mareschjan@gmail.comTelefon: 0680\/1340540Obmann\/Obfrau Stellvertreter:Brigitte Maresch-HartmannAbt Bessel-Stra\u00dfe 584\/33511 Furth bei G\u00f6ttweig Gartenstra\u00dfe 629\/3,3511 Furth bei G\u00f6ttweig,\u00d6sterreich Tel.: 06801340540E-Mail: mareschjan@gmail.com VereinszweckDer Verein bezweckt die F\u00f6rderung von Sport, Kunst und Kultur vor allem im t\u00e4nzerischen Bereich. [&hellip;]<\/p>\n","protected":false},"author":1,"featured_media":0,"parent":0,"menu_order":0,"comment_status":"closed","ping_status":"closed","template":"","meta":[],"_links":{"self":[{"href":"https:\/\/www.dancewithjoy-jm.com\/index.php\/wp-json\/wp\/v2\/pages\/535"}],"collection":[{"href":"https:\/\/www.dancewithjoy-jm.com\/index.php\/wp-json\/wp\/v2\/pages"}],"about":[{"href":"https:\/\/www.dancewithjoy-jm.com\/index.php\/wp-json\/wp\/v2\/types\/page"}],"author":[{"embeddable":true,"href":"https:\/\/www.dancewithjoy-jm.com\/index.php\/wp-json\/wp\/v2\/users\/1"}],"replies":[{"embeddable":true,"href":"https:\/\/www.dancewithjoy-jm.com\/index.php\/wp-json\/wp\/v2\/comments?post=535"}],"version-history":[{"count":9,"href":"https:\/\/www.dancewithjoy-jm.com\/index.php\/wp-json\/wp\/v2\/pages\/535\/revisions"}],"predecessor-version":[{"id":551,"href":"https:\/\/www.dancewithjoy-jm.com\/index.php\/wp-json\/wp\/v2\/pages\/535\/revisions\/551"}],"wp:attachment":[{"href":"https:\/\/www.dancewithjoy-jm.com\/index.php\/wp-json\/wp\/v2\/media?parent=535"}],"curies":[{"name":"wp","href":"https:\/\/api.w.org\/{rel}","templated":true}]}}