{"id":355,"date":"2021-07-03T18:27:12","date_gmt":"2021-07-03T18:27:12","guid":{"rendered":"https:\/\/dancewithjoy-jm.com\/?page_id=355"},"modified":"2026-02-08T15:09:50","modified_gmt":"2026-02-08T15:09:50","slug":"events","status":"publish","type":"page","link":"https:\/\/www.dancewithjoy-jm.com\/index.php\/events\/","title":{"rendered":"Events"},"content":{"rendered":"\n<p>Dance with Joy ist au\u00dferdem buchbar f\u00fcr:<\/p>\n\n\n\n<p><strong>Kindergeburtstage<\/strong><\/p>\n\n\n\n<p>Dance with Joy ist entweder :<\/p>\n\n\n\n<p>als Programmpunkt f\u00fcr Geburtstage buchbar, hier wird eine Stunde mit den Kindern getanzt.<\/p>\n\n\n\n<p>oder das All-Inclusive Animationspaket, hier ist Kinderschminken, ein kreatives Bastelangebot sowie eine Tanzeinheit enthalten.<\/p>\n\n\n\n<p><strong>Choreographien f\u00fcr Hochzeiten, Firmenevents, etc. <\/strong><\/p>\n\n\n\n<p>Wenn Sie f\u00fcr eine Hochzeit oder eine Firmenfeier eine lustige Tanzeinlage einstudieren wollen sind Sie hier richtig. In nur 2 &#8211; 3 Einheiten \u00e1 2 Stunden werden Sie eine Choreographie erlernen mit der Sie garantiert f\u00fcr Unterhaltung sorgen werden. <\/p>\n\n\n\n<figure class=\"wp-block-image size-large is-resized is-style-rounded\"><img loading=\"lazy\" src=\"https:\/\/dancewithjoy-jm.com\/wp-content\/uploads\/2026\/02\/IMG_8284-710x1024.jpg\" alt=\"\" class=\"wp-image-603\" width=\"571\" height=\"823\" srcset=\"https:\/\/www.dancewithjoy-jm.com\/wp-content\/uploads\/2026\/02\/IMG_8284-710x1024.jpg 710w, https:\/\/www.dancewithjoy-jm.com\/wp-content\/uploads\/2026\/02\/IMG_8284-208x300.jpg 208w, https:\/\/www.dancewithjoy-jm.com\/wp-content\/uploads\/2026\/02\/IMG_8284-768x1108.jpg 768w, https:\/\/www.dancewithjoy-jm.com\/wp-content\/uploads\/2026\/02\/IMG_8284-1064x1536.jpg 1064w, https:\/\/www.dancewithjoy-jm.com\/wp-content\/uploads\/2026\/02\/IMG_8284.jpg 1284w\" sizes=\"(max-width: 571px) 100vw, 571px\" \/><\/figure>\n","protected":false},"excerpt":{"rendered":"<p>Dance with Joy ist au\u00dferdem buchbar f\u00fcr: Kindergeburtstage Dance with Joy ist entweder : als Programmpunkt f\u00fcr Geburtstage buchbar, hier wird eine Stunde mit den Kindern getanzt. oder das All-Inclusive Animationspaket, hier ist Kinderschminken, ein kreatives Bastelangebot sowie eine Tanzeinheit enthalten. Choreographien f\u00fcr Hochzeiten, Firmenevents, etc. Wenn Sie f\u00fcr eine [&hellip;]<\/p>\n","protected":false},"author":1,"featured_media":0,"parent":0,"menu_order":0,"comment_status":"closed","ping_status":"closed","template":"","meta":[],"_links":{"self":[{"href":"https:\/\/www.dancewithjoy-jm.com\/index.php\/wp-json\/wp\/v2\/pages\/355"}],"collection":[{"href":"https:\/\/www.dancewithjoy-jm.com\/index.php\/wp-json\/wp\/v2\/pages"}],"about":[{"href":"https:\/\/www.dancewithjoy-jm.com\/index.php\/wp-json\/wp\/v2\/types\/page"}],"author":[{"embeddable":true,"href":"https:\/\/www.dancewithjoy-jm.com\/index.php\/wp-json\/wp\/v2\/users\/1"}],"replies":[{"embeddable":true,"href":"https:\/\/www.dancewithjoy-jm.com\/index.php\/wp-json\/wp\/v2\/comments?post=355"}],"version-history":[{"count":3,"href":"https:\/\/www.dancewithjoy-jm.com\/index.php\/wp-json\/wp\/v2\/pages\/355\/revisions"}],"predecessor-version":[{"id":605,"href":"https:\/\/www.dancewithjoy-jm.com\/index.php\/wp-json\/wp\/v2\/pages\/355\/revisions\/605"}],"wp:attachment":[{"href":"https:\/\/www.dancewithjoy-jm.com\/index.php\/wp-json\/wp\/v2\/media?parent=355"}],"curies":[{"name":"wp","href":"https:\/\/api.w.org\/{rel}","templated":true}]}}