{"id":229,"date":"2020-07-14T09:24:11","date_gmt":"2020-07-14T09:24:11","guid":{"rendered":"https:\/\/dancewithjoy-jm.com\/?page_id=229"},"modified":"2023-08-03T06:15:09","modified_gmt":"2023-08-03T06:15:09","slug":"toddler-dancing-2-4-jahre","status":"publish","type":"page","link":"https:\/\/www.dancewithjoy-jm.com\/index.php\/toddler-dancing-2-4-jahre\/","title":{"rendered":"Tap"},"content":{"rendered":"\n<p><\/p>\n\n\n\n<p>Musik machen mit den F\u00fc\u00dfen &#8211; auch das ist jetzt m\u00f6glich. Wir beginnen mit einfach Grundschritten und entwickeln gemeinsam moderne Choreographien.<\/p>\n\n\n\n<figure class=\"wp-block-image\"><img loading=\"lazy\" width=\"828\" height=\"796\" src=\"https:\/\/dancewithjoy-jm.com\/wp-content\/uploads\/2021\/07\/IMG_9302.jpg\" alt=\"\" class=\"wp-image-353\" srcset=\"https:\/\/www.dancewithjoy-jm.com\/wp-content\/uploads\/2021\/07\/IMG_9302.jpg 828w, https:\/\/www.dancewithjoy-jm.com\/wp-content\/uploads\/2021\/07\/IMG_9302-300x288.jpg 300w, https:\/\/www.dancewithjoy-jm.com\/wp-content\/uploads\/2021\/07\/IMG_9302-768x738.jpg 768w\" sizes=\"(max-width: 828px) 100vw, 828px\" \/><\/figure>\n","protected":false},"excerpt":{"rendered":"<p>Musik machen mit den F\u00fc\u00dfen &#8211; auch das ist jetzt m\u00f6glich. Wir beginnen mit einfach Grundschritten und entwickeln gemeinsam moderne Choreographien.<\/p>\n","protected":false},"author":1,"featured_media":0,"parent":0,"menu_order":0,"comment_status":"closed","ping_status":"closed","template":"","meta":[],"_links":{"self":[{"href":"https:\/\/www.dancewithjoy-jm.com\/index.php\/wp-json\/wp\/v2\/pages\/229"}],"collection":[{"href":"https:\/\/www.dancewithjoy-jm.com\/index.php\/wp-json\/wp\/v2\/pages"}],"about":[{"href":"https:\/\/www.dancewithjoy-jm.com\/index.php\/wp-json\/wp\/v2\/types\/page"}],"author":[{"embeddable":true,"href":"https:\/\/www.dancewithjoy-jm.com\/index.php\/wp-json\/wp\/v2\/users\/1"}],"replies":[{"embeddable":true,"href":"https:\/\/www.dancewithjoy-jm.com\/index.php\/wp-json\/wp\/v2\/comments?post=229"}],"version-history":[{"count":7,"href":"https:\/\/www.dancewithjoy-jm.com\/index.php\/wp-json\/wp\/v2\/pages\/229\/revisions"}],"predecessor-version":[{"id":457,"href":"https:\/\/www.dancewithjoy-jm.com\/index.php\/wp-json\/wp\/v2\/pages\/229\/revisions\/457"}],"wp:attachment":[{"href":"https:\/\/www.dancewithjoy-jm.com\/index.php\/wp-json\/wp\/v2\/media?parent=229"}],"curies":[{"name":"wp","href":"https:\/\/api.w.org\/{rel}","templated":true}]}}